{"id":380,"date":"2024-12-15T06:40:31","date_gmt":"2024-12-15T06:40:31","guid":{"rendered":"https:\/\/dev-events.core-hausetravel.com\/?post_type=product&#038;p=380"},"modified":"2025-04-22T02:14:44","modified_gmt":"2025-04-22T08:14:44","slug":"habitacion-sencilla-1p-ibis-copa","status":"publish","type":"product","link":"https:\/\/shop-hausetravel.com\/en\/experience-hta\/experience-rio\/hotel\/exh-hotel-rio\/exh-rio\/habitacion-sencilla-1p-ibis-copa\/","title":{"rendered":"Single Room (1P)"},"content":{"rendered":"<p>*<em>Las fotograf\u00edas y descripci\u00f3n son ilustrativas, podr\u00edan cambiar sin aviso previo.<\/em><\/p>","protected":false},"excerpt":{"rendered":"<p><span style=\"font-weight: 400;\">The Single Room at Ibis Copacabana Posto 5 offers 18m\u00b2 of comfort and practicality. Relax in the comfort of the Standard Room with either a double bed or two single beds. The rooms feature modern decor with wooden floors, air conditioning, the cozy Sweet Bed by Ibis, a desk, and free Wi-Fi.<\/span><\/p>","protected":false},"featured_media":0,"template":"","meta":[],"product_brand":[],"product_cat":[55,56,70,86],"product_tag":[71,47],"class_list":{"0":"post-380","1":"product","2":"type-product","3":"status-publish","5":"product_cat-experience-rio","6":"product_cat-hotel","7":"product_cat-exh-hotel-rio","8":"product_cat-exh-rio","9":"product_tag-ibis-copa","10":"product_tag-sample","12":"first","13":"instock","14":"virtual","15":"purchasable","16":"product-type-simple"},"_links":{"self":[{"href":"https:\/\/shop-hausetravel.com\/en\/wp-json\/wp\/v2\/product\/380","targetHints":{"allow":["GET"]}}],"collection":[{"href":"https:\/\/shop-hausetravel.com\/en\/wp-json\/wp\/v2\/product"}],"about":[{"href":"https:\/\/shop-hausetravel.com\/en\/wp-json\/wp\/v2\/types\/product"}],"wp:attachment":[{"href":"https:\/\/shop-hausetravel.com\/en\/wp-json\/wp\/v2\/media?parent=380"}],"wp:term":[{"taxonomy":"product_brand","embeddable":true,"href":"https:\/\/shop-hausetravel.com\/en\/wp-json\/wp\/v2\/product_brand?post=380"},{"taxonomy":"product_cat","embeddable":true,"href":"https:\/\/shop-hausetravel.com\/en\/wp-json\/wp\/v2\/product_cat?post=380"},{"taxonomy":"product_tag","embeddable":true,"href":"https:\/\/shop-hausetravel.com\/en\/wp-json\/wp\/v2\/product_tag?post=380"}],"curies":[{"name":"wp","href":"https:\/\/api.w.org\/{rel}","templated":true}]}}