{"id":2753,"date":"2025-04-15T23:18:33","date_gmt":"2025-04-16T05:18:33","guid":{"rendered":"https:\/\/shop-hausetravel.com\/?post_type=product&#038;p=2753"},"modified":"2025-04-15T23:20:12","modified_gmt":"2025-04-16T05:20:12","slug":"full-madness-pass-package-2","status":"publish","type":"product","link":"https:\/\/shop-hausetravel.com\/en\/experience-hta\/tomorrowland-belgica\/weekend-2\/full-madness-pass-package-2\/","title":{"rendered":"Full Madness Pass Package"},"content":{"rendered":"<p><strong>IMPORTANT INFORMATION<\/strong><\/p>\n<p><strong>All packages<\/strong> must be personalized at the time of purchase. If a name is repeated in an order you must cover the <strong>corresponding penalty<\/strong> por cambio de nombre <span> <\/span>, de lo contrario la orden ser\u00e1 cancelada.<\/p>\n<p>Anyone who purchases a Tomorrowland Belgium 2025 experience package with Hause Travel Agency assumes that it is for <strong>personal use and not for commercial use<\/strong>.<\/p>\n<p>El Treasure Case, souvenirs y brazalete para Tomorrowland B\u00e9lgica 2025 se <strong style=\"color: #c36;\">entregar\u00e1 \u00fanica y exclusivamente en la Ceremonia de Bienvenida que se llevar\u00e1 a cabo el mi\u00e9rcoles 23 de julio en Bruselas.<\/strong><\/p>","protected":false},"excerpt":{"rendered":"<p><strong>This experience package includes:<\/strong><\/p>\n<ul>\n<li>Entrance <strong>Full Madness Regular Pass<\/strong> los 3 d\u00edas del festival. <span> <\/span><\/li>\n<li><strong>Treasure Case<\/strong>. <span> <\/span><\/li>\n<li><strong>Backpack with gifts<\/strong> oficiales de Tomorrowland. <span> <\/span><\/li>\n<li><strong>Ceremonia de bienvenida<\/strong> \u2013 fiesta oficial de Hause Travel. <span> <\/span><\/li>\n<li><strong>Customer Service<\/strong> y soporte 24\/7. <span> <\/span><\/li>\n<li>Impuestos incluidos. <span> <\/span><\/li>\n<li>Comisi\u00f3n de Agencia. <span> <\/span><\/li>\n<\/ul>","protected":false},"featured_media":2793,"template":"","meta":[],"product_brand":[],"product_cat":[91,93],"product_tag":[51],"class_list":{"0":"post-2753","1":"product","2":"type-product","3":"status-publish","4":"has-post-thumbnail","6":"product_cat-tomorrowland-belgica","7":"product_cat-weekend-2","8":"product_tag-fm","10":"first","11":"outofstock","12":"virtual","13":"purchasable","14":"product-type-simple"},"_links":{"self":[{"href":"https:\/\/shop-hausetravel.com\/en\/wp-json\/wp\/v2\/product\/2753","targetHints":{"allow":["GET"]}}],"collection":[{"href":"https:\/\/shop-hausetravel.com\/en\/wp-json\/wp\/v2\/product"}],"about":[{"href":"https:\/\/shop-hausetravel.com\/en\/wp-json\/wp\/v2\/types\/product"}],"wp:featuredmedia":[{"embeddable":true,"href":"https:\/\/shop-hausetravel.com\/en\/wp-json\/wp\/v2\/media\/2793"}],"wp:attachment":[{"href":"https:\/\/shop-hausetravel.com\/en\/wp-json\/wp\/v2\/media?parent=2753"}],"wp:term":[{"taxonomy":"product_brand","embeddable":true,"href":"https:\/\/shop-hausetravel.com\/en\/wp-json\/wp\/v2\/product_brand?post=2753"},{"taxonomy":"product_cat","embeddable":true,"href":"https:\/\/shop-hausetravel.com\/en\/wp-json\/wp\/v2\/product_cat?post=2753"},{"taxonomy":"product_tag","embeddable":true,"href":"https:\/\/shop-hausetravel.com\/en\/wp-json\/wp\/v2\/product_tag?post=2753"}],"curies":[{"name":"wp","href":"https:\/\/api.w.org\/{rel}","templated":true}]}}