{"id":2246,"date":"2025-04-05T00:43:44","date_gmt":"2025-04-05T06:43:44","guid":{"rendered":"https:\/\/shop-hausetravel.com\/?post_type=product&#038;p=2246"},"modified":"2025-04-07T13:05:59","modified_gmt":"2025-04-07T19:05:59","slug":"details-experience-rio","status":"publish","type":"product","link":"https:\/\/shop-hausetravel.com\/en\/experience-hta\/experience-rio\/details-experience-rio\/","title":{"rendered":"Experience Rio Package"},"content":{"rendered":"<p>Discover the wonders of Rio de Janeiro and enhance your Tomorrowland Brasil experience with our Experience Rio package. Let yourself be captivated by its vibrant energy, iconic beaches like Copacabana and Ipanema, and its stunning landscape where the sea, mountains, and city come together.<\/p>\n<p>S\u00e9 parte de Experience Rio y d\u00e9jate sorprender por todas las actividades que tenemos preparado para ti. Pero esto es solo el comienzo. El ritmo nos guiar\u00e1 hacia Tomorrowland Brasil 2025, un universo paralelo donde la m\u00fasica, el amor y la magia crear\u00e1n un espect\u00e1culo sin igual.<\/p>\n<p><strong>Included in the package:<\/strong><\/p>\n<ul>\n<li>Stay at the hotel of your choice in Rio de Janeiro from October 5th to 9th.<\/li>\n<li>Buffet Breakfast (available only in hotel packages, not applicable in Dreamville).<\/li>\n<li>Surprise activities every day of your stay in Rio de Janeiro.<\/li>\n<li>Souvenir bag<\/li>\n<li>Welcome drink on the day of your arrival in Rio de Janeiro.<\/li>\n<li>All necessary transportation between the hotel and the surprise activities.<\/li>\n<li>Transportation from Rio de Janeiro to Dreamville or Hotel.<\/li>\n<li>Stay at Dreamville or hotel from October 9th to 13th.<\/li>\n<li>Transportation between the hotel and the festival (if you selected a hotel package for your stay during the festival)<\/li>\n<li>Tomorrowland Brasil Full Madness Regular Pass<\/li>\n<\/ul>\n<p>&nbsp;<br \/>\n<br \/>\n<strong>Please note:<\/strong><br \/>\n<br \/>\nThe Experience Rio package starts and ends at the accommodation of your choice. This means you need to arrange your own transportation to and from your accommodation and your return home.<\/p>","protected":false},"excerpt":{"rendered":"<p>R\u00edo de Janeiro + Tomorrowland Brasil<\/p>","protected":false},"featured_media":2249,"template":"","meta":[],"product_brand":[],"product_cat":[55],"product_tag":[],"class_list":{"0":"post-2246","1":"product","2":"type-product","3":"status-publish","4":"has-post-thumbnail","6":"product_cat-experience-rio","8":"first","9":"instock","10":"shipping-taxable","11":"product-type-simple"},"_links":{"self":[{"href":"https:\/\/shop-hausetravel.com\/en\/wp-json\/wp\/v2\/product\/2246","targetHints":{"allow":["GET"]}}],"collection":[{"href":"https:\/\/shop-hausetravel.com\/en\/wp-json\/wp\/v2\/product"}],"about":[{"href":"https:\/\/shop-hausetravel.com\/en\/wp-json\/wp\/v2\/types\/product"}],"wp:featuredmedia":[{"embeddable":true,"href":"https:\/\/shop-hausetravel.com\/en\/wp-json\/wp\/v2\/media\/2249"}],"wp:attachment":[{"href":"https:\/\/shop-hausetravel.com\/en\/wp-json\/wp\/v2\/media?parent=2246"}],"wp:term":[{"taxonomy":"product_brand","embeddable":true,"href":"https:\/\/shop-hausetravel.com\/en\/wp-json\/wp\/v2\/product_brand?post=2246"},{"taxonomy":"product_cat","embeddable":true,"href":"https:\/\/shop-hausetravel.com\/en\/wp-json\/wp\/v2\/product_cat?post=2246"},{"taxonomy":"product_tag","embeddable":true,"href":"https:\/\/shop-hausetravel.com\/en\/wp-json\/wp\/v2\/product_tag?post=2246"}],"curies":[{"name":"wp","href":"https:\/\/api.w.org\/{rel}","templated":true}]}}