{"id":2140,"date":"2025-03-13T06:27:42","date_gmt":"2025-03-13T06:27:42","guid":{"rendered":"https:\/\/dev-events.core-hausetravel.com\/?post_type=product&#038;p=2140"},"modified":"2025-04-22T02:04:23","modified_gmt":"2025-04-22T08:04:23","slug":"habitacion-ejecutiva-2p-mercure-dv","status":"publish","type":"product","link":"https:\/\/shop-hausetravel.com\/en\/experience-hta\/experience-rio\/hotel-dreamville\/ex-hotel-rio\/ex-dv-rio\/habitacion-ejecutiva-2p-mercure-dv\/","title":{"rendered":"Executive Room (2P)"},"content":{"rendered":"<p>*<em>Las fotograf\u00edas y descripci\u00f3n son ilustrativas, podr\u00edan cambiar sin aviso previo.<\/em><\/p>","protected":false},"excerpt":{"rendered":"<p><span style=\"font-weight: 400;\">The Double Room at the Mercure Rio Boutique Copacabana Hotel offers 21m\u00b2 of comfort, featuring a single bed, air conditioning, a flat-screen TV with cable channels, a minibar, a safe, an alarm clock, and high-speed Wi-Fi. The private bathroom includes a shower, a hairdryer, and quality amenities, providing a cozy and practical experience for travelers.<\/span><\/p>","protected":false},"featured_media":0,"template":"","meta":[],"product_brand":[],"product_cat":[55,58,81,88],"product_tag":[80,72,47],"class_list":{"0":"post-2140","1":"product","2":"type-product","3":"status-publish","5":"product_cat-experience-rio","6":"product_cat-hotel-dreamville","7":"product_cat-ex-hotel-rio","8":"product_cat-ex-dv-rio","9":"product_tag-dreamville","10":"product_tag-mercure-copa","11":"product_tag-sample","13":"first","14":"instock","15":"virtual","16":"purchasable","17":"product-type-simple"},"_links":{"self":[{"href":"https:\/\/shop-hausetravel.com\/en\/wp-json\/wp\/v2\/product\/2140","targetHints":{"allow":["GET"]}}],"collection":[{"href":"https:\/\/shop-hausetravel.com\/en\/wp-json\/wp\/v2\/product"}],"about":[{"href":"https:\/\/shop-hausetravel.com\/en\/wp-json\/wp\/v2\/types\/product"}],"wp:attachment":[{"href":"https:\/\/shop-hausetravel.com\/en\/wp-json\/wp\/v2\/media?parent=2140"}],"wp:term":[{"taxonomy":"product_brand","embeddable":true,"href":"https:\/\/shop-hausetravel.com\/en\/wp-json\/wp\/v2\/product_brand?post=2140"},{"taxonomy":"product_cat","embeddable":true,"href":"https:\/\/shop-hausetravel.com\/en\/wp-json\/wp\/v2\/product_cat?post=2140"},{"taxonomy":"product_tag","embeddable":true,"href":"https:\/\/shop-hausetravel.com\/en\/wp-json\/wp\/v2\/product_tag?post=2140"}],"curies":[{"name":"wp","href":"https:\/\/api.w.org\/{rel}","templated":true}]}}