{"id":2137,"date":"2025-03-13T06:24:27","date_gmt":"2025-03-13T06:24:27","guid":{"rendered":"https:\/\/dev-events.core-hausetravel.com\/?post_type=product&#038;p=2137"},"modified":"2026-03-18T00:21:40","modified_gmt":"2026-03-18T06:21:40","slug":"habitacion-doble-2p-ibis-copa-dv","status":"publish","type":"product","link":"https:\/\/shop-hausetravel.com\/en\/experience-hta\/experience-rio\/hotel-dreamville\/ex-hotel-rio\/ex-dv-rio\/habitacion-doble-2p-ibis-copa-dv\/","title":{"rendered":"Double Room (2P)"},"content":{"rendered":"<p>*<em>Las fotograf\u00edas y descripci\u00f3n son ilustrativas, podr\u00edan cambiar sin aviso previo.<\/em><\/p>","protected":false},"excerpt":{"rendered":"<p><span style=\"font-weight: 400;\">The Double Room at Ibis Copacabana Posto 5 offers 18m\u00b2 of comfort. Relax in the Standard Room with either a double bed or two single beds. The rooms feature modern decor with wooden floors, air conditioning, the cozy Sweet Bed by Ibis, a desk, and free Wi-Fi.<\/span><\/p>","protected":false},"featured_media":0,"template":"","meta":[],"product_brand":[],"product_cat":[55,58,81,88],"product_tag":[71,47],"class_list":{"0":"post-2137","1":"product","2":"type-product","3":"status-publish","5":"product_cat-experience-rio","6":"product_cat-hotel-dreamville","7":"product_cat-ex-hotel-rio","8":"product_cat-ex-dv-rio","9":"product_tag-ibis-copa","10":"product_tag-sample","12":"first","13":"instock","14":"virtual","15":"purchasable","16":"product-type-simple"},"_links":{"self":[{"href":"https:\/\/shop-hausetravel.com\/en\/wp-json\/wp\/v2\/product\/2137","targetHints":{"allow":["GET"]}}],"collection":[{"href":"https:\/\/shop-hausetravel.com\/en\/wp-json\/wp\/v2\/product"}],"about":[{"href":"https:\/\/shop-hausetravel.com\/en\/wp-json\/wp\/v2\/types\/product"}],"wp:attachment":[{"href":"https:\/\/shop-hausetravel.com\/en\/wp-json\/wp\/v2\/media?parent=2137"}],"wp:term":[{"taxonomy":"product_brand","embeddable":true,"href":"https:\/\/shop-hausetravel.com\/en\/wp-json\/wp\/v2\/product_brand?post=2137"},{"taxonomy":"product_cat","embeddable":true,"href":"https:\/\/shop-hausetravel.com\/en\/wp-json\/wp\/v2\/product_cat?post=2137"},{"taxonomy":"product_tag","embeddable":true,"href":"https:\/\/shop-hausetravel.com\/en\/wp-json\/wp\/v2\/product_tag?post=2137"}],"curies":[{"name":"wp","href":"https:\/\/api.w.org\/{rel}","templated":true}]}}