{"id":1942,"date":"2025-03-11T00:42:45","date_gmt":"2025-03-11T00:42:45","guid":{"rendered":"https:\/\/dev-events.core-hausetravel.com\/?post_type=product&#038;p=1942"},"modified":"2025-04-08T19:04:25","modified_gmt":"2025-04-09T01:04:25","slug":"habitacion-superior-1p-ibis-sorocaba-2","status":"publish","type":"product","link":"https:\/\/shop-hausetravel.com\/en\/experience-hta\/experience-rio\/hotel\/exh-hotel-sorocoba\/exh-soc\/habitacion-superior-1p-ibis-sorocaba-2\/","title":{"rendered":"Habitaci\u00f3n Superior(2P)"},"content":{"rendered":"<p>*<em>Las fotograf\u00edas y descripci\u00f3n son ilustrativas, podr\u00edan cambiar sin aviso previo.<\/em><\/p>","protected":false},"excerpt":{"rendered":"<pre class=\"text-sm break-words whitespace-pre-wrap\">Comfortable, functional, and with perfect lighting, the rooms at Hotel Travel Inn Wise Indaiatuba accommodate up to two guests. All guests can enjoy a flat-screen TV, a wide selection of cable TV channels, Wi-Fi internet access, a hairdryer, air conditioning, a safe, a minibar, and a high-pressure shower.<\/pre>","protected":false},"featured_media":0,"template":"","meta":[],"product_brand":[],"product_cat":[55,56,76,87],"product_tag":[73,47],"class_list":{"0":"post-1942","1":"product","2":"type-product","3":"status-publish","5":"product_cat-experience-rio","6":"product_cat-hotel","7":"product_cat-exh-hotel-sorocoba","8":"product_cat-exh-soc","9":"product_tag-ibis-sorocaba","10":"product_tag-sample","12":"first","13":"instock","14":"virtual","15":"purchasable","16":"product-type-simple"},"_links":{"self":[{"href":"https:\/\/shop-hausetravel.com\/en\/wp-json\/wp\/v2\/product\/1942","targetHints":{"allow":["GET"]}}],"collection":[{"href":"https:\/\/shop-hausetravel.com\/en\/wp-json\/wp\/v2\/product"}],"about":[{"href":"https:\/\/shop-hausetravel.com\/en\/wp-json\/wp\/v2\/types\/product"}],"wp:attachment":[{"href":"https:\/\/shop-hausetravel.com\/en\/wp-json\/wp\/v2\/media?parent=1942"}],"wp:term":[{"taxonomy":"product_brand","embeddable":true,"href":"https:\/\/shop-hausetravel.com\/en\/wp-json\/wp\/v2\/product_brand?post=1942"},{"taxonomy":"product_cat","embeddable":true,"href":"https:\/\/shop-hausetravel.com\/en\/wp-json\/wp\/v2\/product_cat?post=1942"},{"taxonomy":"product_tag","embeddable":true,"href":"https:\/\/shop-hausetravel.com\/en\/wp-json\/wp\/v2\/product_tag?post=1942"}],"curies":[{"name":"wp","href":"https:\/\/api.w.org\/{rel}","templated":true}]}}